{"id":585,"date":"2022-08-22T09:54:50","date_gmt":"2022-08-22T09:54:50","guid":{"rendered":"https:\/\/art.thedoldergrand.com\/?page_id=585"},"modified":"2023-07-05T11:51:57","modified_gmt":"2023-07-05T11:51:57","slug":"art-deco-table","status":"publish","type":"page","link":"https:\/\/art.thedoldergrand.com\/en\/art-deco-table\/","title":{"rendered":"Art Deco Centre Table"},"content":{"rendered":"<h3>Material<\/h3>\n<p>Cast iron, 81.0 x 98.0 cm<\/p>\n<h3>Dating<\/h3>\n<p>app. 1930<\/p>\n<h3>About the artist<\/h3>\n<p>Edgar Brandt was born on 24 December 1880 in Paris to an Alsatian family. From 1894 to 1898 he studied at the \u00c9cole Nationale Professionnelle, a technical and craft-oriented school, in Vierzon. In 1898 he received the Brevet Technicien Sup\u00e9rieur diploma. In 1901\/2 Brandt founded the \u00c9tablissements Brandt where he produced jewellery and metal art objects in the Art Deco style and, from 1914, also weapons such as mortars for the French army. 1903 First participation in the Salon des Artistes D\u00e9corateurs. In 1904 he married Ren\u00e9e Largaud (1883-1963). In 1908 he received the 1st class gold medal at the Salon des Artistes Francais, of which he became a member. In 1914 he began the development and production of a 60 mm mortar for the French infantry.<\/p>\n<p>In 1921 he was made a knight and five years later an Officer of the Legion of Honour. With the opening of the Galerie Edgar Brandt in 1925 and the Soci\u00e9t\u00e9 des Etablissements Brandt, the production of art objects and weapons were more clearly separated. Brandt&#8217;s arms production in Ch\u00e2tillon-sous-Bagneux was nationalised by the socialist government in 1936. The Brandt brand was last used in the group for household machines and lives on to this day.<\/p>\n<p>Edgar Brandt continued to be successful as an artist in the 1930s. In 1938 he travelled with his wife and son on the ship Normandie to the USA and Canada. In August 1942, just in time before the occupation of the rest of France on 11 November 1942, Brandt moved to Switzerland, where he settled at the location of his company Soci\u00e9t\u00e9 Anonyme Constructions M\u00e9caniques du L\u00e9man CML in Geneva. Edgar Brandt died in Geneva on 8 May 1960 after a long illness.<\/p>\n","protected":false},"excerpt":{"rendered":"<p>Material Cast iron, 81.0 x 98.0 cm Dating app. 1930 About the artist Edgar Brandt was born on 24 December 1880 in Paris to an Alsatian family. From 1894 to 1898 he studied at the \u00c9cole Nationale Professionnelle, a technical and craft-oriented school, in Vierzon. In 1898 he received the Brevet Technicien Sup\u00e9rieur diploma. In [&hellip;]<\/p>\n","protected":false},"author":2,"featured_media":0,"parent":0,"menu_order":0,"comment_status":"closed","ping_status":"closed","template":"","meta":{"inline_featured_image":false},"acf":[],"_links":{"self":[{"href":"https:\/\/art.thedoldergrand.com\/en\/wp-json\/wp\/v2\/pages\/585"}],"collection":[{"href":"https:\/\/art.thedoldergrand.com\/en\/wp-json\/wp\/v2\/pages"}],"about":[{"href":"https:\/\/art.thedoldergrand.com\/en\/wp-json\/wp\/v2\/types\/page"}],"author":[{"embeddable":true,"href":"https:\/\/art.thedoldergrand.com\/en\/wp-json\/wp\/v2\/users\/2"}],"replies":[{"embeddable":true,"href":"https:\/\/art.thedoldergrand.com\/en\/wp-json\/wp\/v2\/comments?post=585"}],"version-history":[{"count":4,"href":"https:\/\/art.thedoldergrand.com\/en\/wp-json\/wp\/v2\/pages\/585\/revisions"}],"predecessor-version":[{"id":1049,"href":"https:\/\/art.thedoldergrand.com\/en\/wp-json\/wp\/v2\/pages\/585\/revisions\/1049"}],"wp:attachment":[{"href":"https:\/\/art.thedoldergrand.com\/en\/wp-json\/wp\/v2\/media?parent=585"}],"curies":[{"name":"wp","href":"https:\/\/api.w.org\/{rel}","templated":true}]}}