{"id":627,"date":"2022-08-22T10:54:09","date_gmt":"2022-08-22T10:54:09","guid":{"rendered":"https:\/\/art.thedoldergrand.com\/?page_id=627"},"modified":"2023-03-08T15:08:18","modified_gmt":"2023-03-08T15:08:18","slug":"grande-carpe-dor","status":"publish","type":"page","link":"https:\/\/art.thedoldergrand.com\/en\/grande-carpe-dor\/","title":{"rendered":"Grande carpe d\u2019or"},"content":{"rendered":"<h3>Material<\/h3>\n<p>Bronze; 76 x 144 cm<\/p>\n<h3>Dating<\/h3>\n<p>2005<\/p>\n<h3>About the artwork<\/h3>\n<p>edition 8\/8<\/p>\n<h3>About the artist<\/h3>\n<p>The two French artists Claude Lalanne and Fran\u00e7ois-Xavier Lalanne have been known individually-and collectively as &#8216;Les Lalannes&#8217; since the 1960s.<br \/>\nFran\u00e7ois-Xavier Lalanne moved to Paris at the age of 18 to study sculpture, drawing and painting at the Acad\u00e9mie Julian. After renting a studio in Montparnasse, he met artists Constantin Brancusi, Max Ernst, Man Ray, Marcel Duchamp and Jean Tinguely, who would all prove influential on his work.<br \/>\nIt wasn&#8217;t until 1952, when he met Claude \u2013 born Dupeux \u2013 at his first gallery show, that he abandoned painting for sculpture. Claude studied architecture at the \u00c9cole des Beaux-Arts and the \u00c9cole des Arts D\u00e9coratifs. She became friends with American artists Larry Rivers and Jimmy Metcalf, who helped her develop the art of electroplating.<br \/>\nThe Lalannes&#8217; works are represented in many prominent collections around the world including the National Design Museum in New York, Mus\u00e9e National d&#8217;Art Moderne\/Centre Georges Pompidou in Paris, the Cooper Hewitt Museum in New York and the Muse\u00e9 d&#8217;Histoire Naturelle in Paris.<\/p>\n","protected":false},"excerpt":{"rendered":"<p>Material Bronze; 76 x 144 cm Dating 2005 About the artwork edition 8\/8 About the artist The two French artists Claude Lalanne and Fran\u00e7ois-Xavier Lalanne have been known individually-and collectively as &#8216;Les Lalannes&#8217; since the 1960s. Fran\u00e7ois-Xavier Lalanne moved to Paris at the age of 18 to study sculpture, drawing and painting at the Acad\u00e9mie [&hellip;]<\/p>\n","protected":false},"author":2,"featured_media":0,"parent":0,"menu_order":0,"comment_status":"closed","ping_status":"closed","template":"","meta":{"inline_featured_image":false},"acf":[],"_links":{"self":[{"href":"https:\/\/art.thedoldergrand.com\/en\/wp-json\/wp\/v2\/pages\/627"}],"collection":[{"href":"https:\/\/art.thedoldergrand.com\/en\/wp-json\/wp\/v2\/pages"}],"about":[{"href":"https:\/\/art.thedoldergrand.com\/en\/wp-json\/wp\/v2\/types\/page"}],"author":[{"embeddable":true,"href":"https:\/\/art.thedoldergrand.com\/en\/wp-json\/wp\/v2\/users\/2"}],"replies":[{"embeddable":true,"href":"https:\/\/art.thedoldergrand.com\/en\/wp-json\/wp\/v2\/comments?post=627"}],"version-history":[{"count":7,"href":"https:\/\/art.thedoldergrand.com\/en\/wp-json\/wp\/v2\/pages\/627\/revisions"}],"predecessor-version":[{"id":1168,"href":"https:\/\/art.thedoldergrand.com\/en\/wp-json\/wp\/v2\/pages\/627\/revisions\/1168"}],"wp:attachment":[{"href":"https:\/\/art.thedoldergrand.com\/en\/wp-json\/wp\/v2\/media?parent=627"}],"curies":[{"name":"wp","href":"https:\/\/api.w.org\/{rel}","templated":true}]}}