{"id":799,"date":"2022-12-08T11:53:40","date_gmt":"2022-12-08T11:53:40","guid":{"rendered":"https:\/\/art.thedoldergrand.com\/?page_id=799"},"modified":"2023-06-13T09:21:40","modified_gmt":"2023-06-13T09:21:40","slug":"french-large-clock","status":"publish","type":"page","link":"https:\/\/art.thedoldergrand.com\/en\/french-large-clock\/","title":{"rendered":"An important French large clock in gilt bronze, patinated bronze and Carrara marble"},"content":{"rendered":"<h3>Material<\/h3>\n<p>Bronze; 207.5 x 68 x 29.8 cm<\/p>\n<h3>Dating<\/h3>\n<p>appr. 1890<\/p>\n<h3>About the artist<\/h3>\n<p>Fr\u00e9d\u00e9ric-Eug\u00e8ne Piat was a famous French sculptor and stucco plasterer, creating mostly designs and models for clocks, ceiling and table lamps, candelabras and chandeliers. All of his designs were executed by the leading firms of Parisian high quality bronze casters and displayed at the major international exhibitions of that time. Stylistically, his work is characteristic of Historism and the eclecticism was well received by the audience at that time.<br \/>\nHis pendulum clock models mark the beginning of his career. In 1855, at the \u2018Exposition universelle de Paris\u2018 he created a clock named \u2018Printemps et Automne\u2019 for the manufacturer D\u00e9pensier and a clockwork for the clock \u2018L\u2019industrie \u00e9crasant l\u2019ignorance d\u00e9vour\u00e9e par l\u2019envie\u2019 for the manufacturer Boyer. With these two creations Piat made a name for himself and started his collaboration with the famous French bronze manufacturer Victor Alexandre Paillard.<br \/>\nThe success of his works at several exhibitions as well as the originality of his creations led to his nickname \u2018king of bronze\u2019. Additionally he won several important awards.<\/p>\n","protected":false},"excerpt":{"rendered":"<p>Material Bronze; 207.5 x 68 x 29.8 cm Dating appr. 1890 About the artist Fr\u00e9d\u00e9ric-Eug\u00e8ne Piat was a famous French sculptor and stucco plasterer, creating mostly designs and models for clocks, ceiling and table lamps, candelabras and chandeliers. All of his designs were executed by the leading firms of Parisian high quality bronze casters and [&hellip;]<\/p>\n","protected":false},"author":2,"featured_media":0,"parent":0,"menu_order":0,"comment_status":"closed","ping_status":"closed","template":"","meta":{"inline_featured_image":false},"acf":[],"_links":{"self":[{"href":"https:\/\/art.thedoldergrand.com\/en\/wp-json\/wp\/v2\/pages\/799"}],"collection":[{"href":"https:\/\/art.thedoldergrand.com\/en\/wp-json\/wp\/v2\/pages"}],"about":[{"href":"https:\/\/art.thedoldergrand.com\/en\/wp-json\/wp\/v2\/types\/page"}],"author":[{"embeddable":true,"href":"https:\/\/art.thedoldergrand.com\/en\/wp-json\/wp\/v2\/users\/2"}],"replies":[{"embeddable":true,"href":"https:\/\/art.thedoldergrand.com\/en\/wp-json\/wp\/v2\/comments?post=799"}],"version-history":[{"count":4,"href":"https:\/\/art.thedoldergrand.com\/en\/wp-json\/wp\/v2\/pages\/799\/revisions"}],"predecessor-version":[{"id":1359,"href":"https:\/\/art.thedoldergrand.com\/en\/wp-json\/wp\/v2\/pages\/799\/revisions\/1359"}],"wp:attachment":[{"href":"https:\/\/art.thedoldergrand.com\/en\/wp-json\/wp\/v2\/media?parent=799"}],"curies":[{"name":"wp","href":"https:\/\/api.w.org\/{rel}","templated":true}]}}